{"id":6,"date":"2020-03-29T13:34:38","date_gmt":"2020-03-29T11:34:38","guid":{"rendered":"http:\/\/quiccx.de\/quiccx-learning\/?page_id=6"},"modified":"2022-12-29T20:35:14","modified_gmt":"2022-12-29T19:35:14","slug":"investitionsrechnung","status":"publish","type":"page","link":"http:\/\/quiccx.de\/quiccx-learning\/investitionsrechnung\/","title":{"rendered":"Quizze zur Investitionsrechnung"},"content":{"rendered":"\n<a name=\"zinsrechnung\"><\/a>\n\n\n\n<h2 class=\"wp-block-heading\">Zinsrechnung<\/h2>\n\n\n<p><iframe loading=\"lazy\" src=\"http:\/\/quiccx.de\/quiccx-learning\/wp-admin\/admin-ajax.php?action=h5p_embed&amp;id=23\" width=\"959\" height=\"565\" frameborder=\"0\" allowfullscreen=\"allowfullscreen\"><\/iframe><script src=\"http:\/\/quiccx.de\/quiccx-learning\/wp-content\/plugins\/h5p\/h5p-php-library\/js\/h5p-resizer.js\" charset=\"UTF-8\"><\/script><\/p>\n\n\n\n<a name=\"rentenrechnung\"><\/a>\n\n\n\n<h2 class=\"wp-block-heading\">Rentenrechnung<\/h2>\n\n\n<p><iframe loading=\"lazy\" src=\"http:\/\/quiccx.de\/quiccx-learning\/wp-admin\/admin-ajax.php?action=h5p_embed&amp;id=24\" width=\"959\" height=\"565\" frameborder=\"0\" allowfullscreen=\"allowfullscreen\"><\/iframe><script src=\"http:\/\/quiccx.de\/quiccx-learning\/wp-content\/plugins\/h5p\/h5p-php-library\/js\/h5p-resizer.js\" charset=\"UTF-8\"><\/script><\/p>\n\n\n\n<a name=\"tilgungsrechnung\"><\/a>\n\n\n\n<h2 class=\"wp-block-heading\">Tilgungsrechnung<\/h2>\n\n\n<p><iframe loading=\"lazy\" src=\"http:\/\/quiccx.de\/quiccx-learning\/wp-admin\/admin-ajax.php?action=h5p_embed&amp;id=25\" width=\"959\" height=\"565\" frameborder=\"0\" allowfullscreen=\"allowfullscreen\"><\/iframe><script src=\"http:\/\/quiccx.de\/quiccx-learning\/wp-content\/plugins\/h5p\/h5p-php-library\/js\/h5p-resizer.js\" charset=\"UTF-8\"><\/script><\/p>\n\n\n\n<br><br>\n<a name=\"finanzplaene\"><\/a>\n\n\n\n<h2 class=\"wp-block-heading\">Finanzpl\u00e4ne<\/h2>\n\n\n<p><iframe loading=\"lazy\" src=\"http:\/\/quiccx.de\/quiccx-learning\/wp-admin\/admin-ajax.php?action=h5p_embed&amp;id=27\" width=\"959\" height=\"565\" frameborder=\"0\" allowfullscreen=\"allowfullscreen\"><\/iframe><script src=\"http:\/\/quiccx.de\/quiccx-learning\/wp-content\/plugins\/h5p\/h5p-php-library\/js\/h5p-resizer.js\" charset=\"UTF-8\"><\/script><\/p>\n\n\n\n<a name=\"begriffeinvestitionsrechnung\"><\/a>\n\n\n\n<h2 class=\"wp-block-heading\">Grundbegriffe der Investitionsrechnung<\/h2>\n\n\n<p><iframe loading=\"lazy\" src=\"http:\/\/quiccx.de\/quiccx-learning\/wp-admin\/admin-ajax.php?action=h5p_embed&amp;id=28\" width=\"959\" height=\"565\" frameborder=\"0\" allowfullscreen=\"allowfullscreen\"><\/iframe><script src=\"http:\/\/quiccx.de\/quiccx-learning\/wp-content\/plugins\/h5p\/h5p-php-library\/js\/h5p-resizer.js\" charset=\"UTF-8\"><\/script><\/p>\n\n\n\n<a name=\"vermoegensmehrwertmethoden\"><\/a>\n\n\n\n<h2 class=\"wp-block-heading\">Verm\u00f6gensmehrwert-methoden<\/h2>\n\n\n<p><iframe loading=\"lazy\" src=\"http:\/\/quiccx.de\/quiccx-learning\/wp-admin\/admin-ajax.php?action=h5p_embed&amp;id=30\" width=\"959\" height=\"565\" frameborder=\"0\" allowfullscreen=\"allowfullscreen\"><\/iframe><script src=\"http:\/\/quiccx.de\/quiccx-learning\/wp-content\/plugins\/h5p\/h5p-php-library\/js\/h5p-resizer.js\" charset=\"UTF-8\"><\/script><\/p>\n\n\n\n<a name=\"zinssatzmethoden\"><\/a>\n\n\n\n<h2 class=\"wp-block-heading\">Zinssatzmethoden<\/h2>\n\n\n<p><iframe loading=\"lazy\" src=\"http:\/\/quiccx.de\/quiccx-learning\/wp-admin\/admin-ajax.php?action=h5p_embed&amp;id=31\" width=\"959\" height=\"565\" frameborder=\"0\" allowfullscreen=\"allowfullscreen\"><\/iframe><script src=\"http:\/\/quiccx.de\/quiccx-learning\/wp-content\/plugins\/h5p\/h5p-php-library\/js\/h5p-resizer.js\" charset=\"UTF-8\"><\/script><\/p>\n\n\n\n<a name=\"amortisationsrechnung\"><\/a>\n\n\n\n<h2 class=\"wp-block-heading\">Amortisationsrechnung<\/h2>\n\n\n<p><iframe loading=\"lazy\" src=\"http:\/\/quiccx.de\/quiccx-learning\/wp-admin\/admin-ajax.php?action=h5p_embed&amp;id=32\" width=\"959\" height=\"565\" frameborder=\"0\" allowfullscreen=\"allowfullscreen\"><\/iframe><script src=\"http:\/\/quiccx.de\/quiccx-learning\/wp-content\/plugins\/h5p\/h5p-php-library\/js\/h5p-resizer.js\" charset=\"UTF-8\"><\/script><\/p>\n\n\n\n<a name=\"rentabilitaetsmasse\"><\/a>\n\n\n\n<h2 class=\"wp-block-heading\">Rentabilit\u00e4tsma\u00dfe<\/h2>\n\n\n<p><iframe loading=\"lazy\" src=\"http:\/\/quiccx.de\/quiccx-learning\/wp-admin\/admin-ajax.php?action=h5p_embed&amp;id=33\" width=\"959\" height=\"565\" frameborder=\"0\" allowfullscreen=\"allowfullscreen\"><\/iframe><script src=\"http:\/\/quiccx.de\/quiccx-learning\/wp-content\/plugins\/h5p\/h5p-php-library\/js\/h5p-resizer.js\" charset=\"UTF-8\"><\/script><\/p>\n\n\n\n<a name=\"residualgewinne\"><\/a>\n\n\n\n<h2 class=\"wp-block-heading\">Residualgewinne<\/h2>\n\n\n<p><iframe loading=\"lazy\" src=\"http:\/\/quiccx.de\/quiccx-learning\/wp-admin\/admin-ajax.php?action=h5p_embed&amp;id=34\" width=\"959\" height=\"565\" frameborder=\"0\" allowfullscreen=\"allowfullscreen\"><\/iframe><script src=\"http:\/\/quiccx.de\/quiccx-learning\/wp-content\/plugins\/h5p\/h5p-php-library\/js\/h5p-resizer.js\" charset=\"UTF-8\"><\/script><\/p>\n\n\n\n<a name=\"kapitalbindung\"><\/a>\n\n\n\n<h2 class=\"wp-block-heading\">Kapitalbindung<\/h2>\n\n\n<p><iframe loading=\"lazy\" src=\"http:\/\/quiccx.de\/quiccx-learning\/wp-admin\/admin-ajax.php?action=h5p_embed&amp;id=35\" width=\"959\" height=\"565\" frameborder=\"0\" allowfullscreen=\"allowfullscreen\"><\/iframe><script src=\"http:\/\/quiccx.de\/quiccx-learning\/wp-content\/plugins\/h5p\/h5p-php-library\/js\/h5p-resizer.js\" charset=\"UTF-8\"><\/script><\/p>\n\n\n\n<a name=\"ertragsteuern\"><\/a>\n\n\n\n<h2 class=\"wp-block-heading\">Ertragsteuern<\/h2>\n\n\n<p><iframe loading=\"lazy\" src=\"http:\/\/quiccx.de\/quiccx-learning\/wp-admin\/admin-ajax.php?action=h5p_embed&amp;id=36\" width=\"959\" height=\"565\" frameborder=\"0\" allowfullscreen=\"allowfullscreen\"><\/iframe><script src=\"http:\/\/quiccx.de\/quiccx-learning\/wp-content\/plugins\/h5p\/h5p-php-library\/js\/h5p-resizer.js\" charset=\"UTF-8\"><\/script><\/p>\n\n\n\n<a name=\"cashflowsteuer\"><\/a>\n\n\n\n<h2 class=\"wp-block-heading\">Cash Flow-Steuer<\/h2>\n\n\n<p><iframe loading=\"lazy\" src=\"http:\/\/quiccx.de\/quiccx-learning\/wp-admin\/admin-ajax.php?action=h5p_embed&amp;id=88\" width=\"959\" height=\"565\" frameborder=\"0\" allowfullscreen=\"allowfullscreen\"><\/iframe><script src=\"http:\/\/quiccx.de\/quiccx-learning\/wp-content\/plugins\/h5p\/h5p-php-library\/js\/h5p-resizer.js\" charset=\"UTF-8\"><\/script><\/p>\n\n\n\n<a name=\"zinsbereinigteeinkommensteuer\"><\/a>\n\n\n\n<h2 class=\"wp-block-heading\">Zinsbereinigte Einkommensteuer<\/h2>\n\n\n<p><iframe loading=\"lazy\" src=\"http:\/\/quiccx.de\/quiccx-learning\/wp-admin\/admin-ajax.php?action=h5p_embed&amp;id=38\" width=\"959\" height=\"565\" frameborder=\"0\" allowfullscreen=\"allowfullscreen\"><\/iframe><script src=\"http:\/\/quiccx.de\/quiccx-learning\/wp-content\/plugins\/h5p\/h5p-php-library\/js\/h5p-resizer.js\" charset=\"UTF-8\"><\/script><\/p>\n\n\n\n<a name=\"oekonomischergewinn\"><\/a>\n\n\n\n<h2 class=\"wp-block-heading\">\u00d6konomischer Gewinn<\/h2>\n\n\n<p><iframe loading=\"lazy\" src=\"http:\/\/quiccx.de\/quiccx-learning\/wp-admin\/admin-ajax.php?action=h5p_embed&amp;id=39\" width=\"959\" height=\"565\" frameborder=\"0\" allowfullscreen=\"allowfullscreen\"><\/iframe><script src=\"http:\/\/quiccx.de\/quiccx-learning\/wp-content\/plugins\/h5p\/h5p-php-library\/js\/h5p-resizer.js\" charset=\"UTF-8\"><\/script><\/p>\n\n\n\n<a name=\"leasingeinordnung\"><\/a>\n\n\n\n<h2 class=\"wp-block-heading\">Leasing Einordnung<\/h2>\n\n\n<p><iframe loading=\"lazy\" src=\"http:\/\/quiccx.de\/quiccx-learning\/wp-admin\/admin-ajax.php?action=h5p_embed&amp;id=40\" width=\"959\" height=\"565\" frameborder=\"0\" allowfullscreen=\"allowfullscreen\"><\/iframe><script src=\"http:\/\/quiccx.de\/quiccx-learning\/wp-content\/plugins\/h5p\/h5p-php-library\/js\/h5p-resizer.js\" charset=\"UTF-8\"><\/script><\/p>\n\n\n\n<a name=\"leasingberechnung\"><\/a>\n\n\n\n<h2 class=\"wp-block-heading\">Leasing Berechnung<\/h2>\n\n\n<p><iframe loading=\"lazy\" src=\"http:\/\/quiccx.de\/quiccx-learning\/wp-admin\/admin-ajax.php?action=h5p_embed&amp;id=56\" width=\"958\" height=\"564\" frameborder=\"0\" allowfullscreen=\"allowfullscreen\"><\/iframe><script src=\"http:\/\/quiccx.de\/quiccx-learning\/wp-content\/plugins\/h5p\/h5p-php-library\/js\/h5p-resizer.js\" charset=\"UTF-8\"><\/script><\/p>\n\n\n\n<a name=\"rueckstellungen\"><\/a>\n\n\n\n<h2 class=\"wp-block-heading\">Finanzielle Wirkung von R\u00fcckstellungen<\/h2>\n\n\n<p><iframe loading=\"lazy\" src=\"http:\/\/quiccx.de\/quiccx-learning\/wp-admin\/admin-ajax.php?action=h5p_embed&amp;id=42\" width=\"959\" height=\"565\" frameborder=\"0\" allowfullscreen=\"allowfullscreen\"><\/iframe><script src=\"http:\/\/quiccx.de\/quiccx-learning\/wp-content\/plugins\/h5p\/h5p-php-library\/js\/h5p-resizer.js\" charset=\"UTF-8\"><\/script><\/p>\n\n\n\n<a name=\"kapitalgesellschaften\"><\/a>\n\n\n\n<h2 class=\"wp-block-heading\">Kapitalgesellschaften<\/h2>\n\n\n<p><iframe loading=\"lazy\" src=\"http:\/\/quiccx.de\/quiccx-learning\/wp-admin\/admin-ajax.php?action=h5p_embed&amp;id=43\" width=\"959\" height=\"565\" frameborder=\"0\" allowfullscreen=\"allowfullscreen\"><\/iframe><script src=\"http:\/\/quiccx.de\/quiccx-learning\/wp-content\/plugins\/h5p\/h5p-php-library\/js\/h5p-resizer.js\" charset=\"UTF-8\"><\/script><\/p>\n\n\n\n<a name=\"grenzpreisegrundlagen\"><\/a>\n\n\n\n<h2 class=\"wp-block-heading\">Grenzpreise Grundlagen<\/h2>\n\n\n<p><iframe loading=\"lazy\" src=\"http:\/\/quiccx.de\/quiccx-learning\/wp-admin\/admin-ajax.php?action=h5p_embed&amp;id=44\" width=\"959\" height=\"565\" frameborder=\"0\" allowfullscreen=\"allowfullscreen\"><\/iframe><script src=\"http:\/\/quiccx.de\/quiccx-learning\/wp-content\/plugins\/h5p\/h5p-php-library\/js\/h5p-resizer.js\" charset=\"UTF-8\"><\/script><\/p>\n\n\n\n<a name=\"grenzpreiseberechnung\"><\/a>\n\n\n\n<h2 class=\"wp-block-heading\">Grenzpreise Berechnung<\/h2>\n\n\n<p><iframe loading=\"lazy\" src=\"http:\/\/quiccx.de\/quiccx-learning\/wp-admin\/admin-ajax.php?action=h5p_embed&amp;id=45\" width=\"959\" height=\"565\" frameborder=\"0\" allowfullscreen=\"allowfullscreen\"><\/iframe><script src=\"http:\/\/quiccx.de\/quiccx-learning\/wp-content\/plugins\/h5p\/h5p-php-library\/js\/h5p-resizer.js\" charset=\"UTF-8\"><\/script><\/p>\n\n\n\n<a name=\"wachstum\"><\/a>\n\n\n\n<h2 class=\"wp-block-heading\">Wachstum und Inflation<\/h2>\n\n\n<p><iframe loading=\"lazy\" src=\"http:\/\/quiccx.de\/quiccx-learning\/wp-admin\/admin-ajax.php?action=h5p_embed&amp;id=46\" width=\"959\" height=\"565\" frameborder=\"0\" allowfullscreen=\"allowfullscreen\"><\/iframe><script src=\"http:\/\/quiccx.de\/quiccx-learning\/wp-content\/plugins\/h5p\/h5p-php-library\/js\/h5p-resizer.js\" charset=\"UTF-8\"><\/script><\/p>\n\n\n\n<a name=\"optimalenutzungsdauer\"><\/a>\n\n\n\n<h2 class=\"wp-block-heading\">Optimale Nutzungsdauer<\/h2>\n\n\n<p><iframe loading=\"lazy\" src=\"http:\/\/quiccx.de\/quiccx-learning\/wp-admin\/admin-ajax.php?action=h5p_embed&amp;id=47\" width=\"959\" height=\"565\" frameborder=\"0\" allowfullscreen=\"allowfullscreen\"><\/iframe><script src=\"http:\/\/quiccx.de\/quiccx-learning\/wp-content\/plugins\/h5p\/h5p-php-library\/js\/h5p-resizer.js\" charset=\"UTF-8\"><\/script><\/p>\n\n\n\n<a name=\"optimalesinvestitionsprogramm\"><\/a>\n\n\n\n<h2 class=\"wp-block-heading\">Optimales Investitionsprogramm<\/h2>\n\n\n<p><iframe loading=\"lazy\" src=\"http:\/\/quiccx.de\/quiccx-learning\/wp-admin\/admin-ajax.php?action=h5p_embed&amp;id=48\" width=\"959\" height=\"565\" frameborder=\"0\" allowfullscreen=\"allowfullscreen\"><\/iframe><script src=\"http:\/\/quiccx.de\/quiccx-learning\/wp-content\/plugins\/h5p\/h5p-php-library\/js\/h5p-resizer.js\" charset=\"UTF-8\"><\/script><\/p>\n\n\n\n<a name=\"entscheidungsregelnunsicherheit\"><\/a>\n\n\n\n<h2 class=\"wp-block-heading\">Entscheidungsregeln  unter Unsicherheit<\/h2>\n\n\n<p><iframe loading=\"lazy\" src=\"http:\/\/quiccx.de\/quiccx-learning\/wp-admin\/admin-ajax.php?action=h5p_embed&amp;id=50\" width=\"959\" height=\"565\" frameborder=\"0\" allowfullscreen=\"allowfullscreen\"><\/iframe><script src=\"http:\/\/quiccx.de\/quiccx-learning\/wp-content\/plugins\/h5p\/h5p-php-library\/js\/h5p-resizer.js\" charset=\"UTF-8\"><\/script><\/p>\n\n\n\n<a name=\"verteilungsparameter\"><\/a>\n\n\n\n<h2 class=\"wp-block-heading\">Entscheidung mit Verteilungsparametern<\/h2>\n\n\n<p><iframe loading=\"lazy\" src=\"http:\/\/quiccx.de\/quiccx-learning\/wp-admin\/admin-ajax.php?action=h5p_embed&amp;id=51\" width=\"959\" height=\"565\" frameborder=\"0\" allowfullscreen=\"allowfullscreen\"><\/iframe><script src=\"http:\/\/quiccx.de\/quiccx-learning\/wp-content\/plugins\/h5p\/h5p-php-library\/js\/h5p-resizer.js\" charset=\"UTF-8\"><\/script><\/p>\n\n\n\n<a name=\"bernoulliprinzip\"><\/a>\n\n\n\n<h2 class=\"wp-block-heading\">Bernoulli Prinzip<\/h2>\n\n\n<p><iframe loading=\"lazy\" src=\"http:\/\/quiccx.de\/quiccx-learning\/wp-admin\/admin-ajax.php?action=h5p_embed&amp;id=52\" width=\"959\" height=\"565\" frameborder=\"0\" allowfullscreen=\"allowfullscreen\"><\/iframe><script src=\"http:\/\/quiccx.de\/quiccx-learning\/wp-content\/plugins\/h5p\/h5p-php-library\/js\/h5p-resizer.js\" charset=\"UTF-8\"><\/script><\/p>\n\n\n\n<a name=\"sensitivitaetsanalyse\"><\/a>\n\n\n\n<h2 class=\"wp-block-heading\">Sensitivit\u00e4tsanalyse<\/h2>\n\n\n<p><iframe loading=\"lazy\" src=\"http:\/\/quiccx.de\/quiccx-learning\/wp-admin\/admin-ajax.php?action=h5p_embed&amp;id=53\" width=\"959\" height=\"565\" frameborder=\"0\" allowfullscreen=\"allowfullscreen\"><\/iframe><script src=\"http:\/\/quiccx.de\/quiccx-learning\/wp-content\/plugins\/h5p\/h5p-php-library\/js\/h5p-resizer.js\" charset=\"UTF-8\"><\/script><\/p>\n\n\n\n<a name=\"portfoliotheorie\"><\/a>\n\n\n\n<h2 class=\"wp-block-heading\">Portfoliotheorie<\/h2>\n\n\n<p><iframe loading=\"lazy\" src=\"http:\/\/quiccx.de\/quiccx-learning\/wp-admin\/admin-ajax.php?action=h5p_embed&amp;id=54\" width=\"959\" height=\"565\" frameborder=\"0\" allowfullscreen=\"allowfullscreen\"><\/iframe><script src=\"http:\/\/quiccx.de\/quiccx-learning\/wp-content\/plugins\/h5p\/h5p-php-library\/js\/h5p-resizer.js\" charset=\"UTF-8\"><\/script><\/p>\n\n\n\n<p><\/p>\n","protected":false},"excerpt":{"rendered":"<p>Zinsrechnung Rentenrechnung Tilgungsrechnung Finanzpl\u00e4ne Grundbegriffe der Investitionsrechnung Verm\u00f6gensmehrwert-methoden Zinssatzmethoden Amortisationsrechnung Rentabilit\u00e4tsma\u00dfe Residualgewinne Kapitalbindung Ertragsteuern Cash Flow-Steuer Zinsbereinigte Einkommensteuer \u00d6konomischer Gewinn Leasing Einordnung Leasing Berechnung Finanzielle Wirkung von R\u00fcckstellungen Kapitalgesellschaften Grenzpreise Grundlagen Grenzpreise Berechnung Wachstum und Inflation Optimale Nutzungsdauer Optimales Investitionsprogramm Entscheidungsregeln unter Unsicherheit Entscheidung mit Verteilungsparametern Bernoulli Prinzip Sensitivit\u00e4tsanalyse Portfoliotheorie<\/p>\n","protected":false},"author":1,"featured_media":0,"parent":0,"menu_order":0,"comment_status":"closed","ping_status":"closed","template":"","meta":{"footnotes":""},"class_list":["post-6","page","type-page","status-publish","hentry"],"_links":{"self":[{"href":"http:\/\/quiccx.de\/quiccx-learning\/wp-json\/wp\/v2\/pages\/6","targetHints":{"allow":["GET"]}}],"collection":[{"href":"http:\/\/quiccx.de\/quiccx-learning\/wp-json\/wp\/v2\/pages"}],"about":[{"href":"http:\/\/quiccx.de\/quiccx-learning\/wp-json\/wp\/v2\/types\/page"}],"author":[{"embeddable":true,"href":"http:\/\/quiccx.de\/quiccx-learning\/wp-json\/wp\/v2\/users\/1"}],"replies":[{"embeddable":true,"href":"http:\/\/quiccx.de\/quiccx-learning\/wp-json\/wp\/v2\/comments?post=6"}],"version-history":[{"count":18,"href":"http:\/\/quiccx.de\/quiccx-learning\/wp-json\/wp\/v2\/pages\/6\/revisions"}],"predecessor-version":[{"id":130,"href":"http:\/\/quiccx.de\/quiccx-learning\/wp-json\/wp\/v2\/pages\/6\/revisions\/130"}],"wp:attachment":[{"href":"http:\/\/quiccx.de\/quiccx-learning\/wp-json\/wp\/v2\/media?parent=6"}],"curies":[{"name":"wp","href":"https:\/\/api.w.org\/{rel}","templated":true}]}}