{"id":2,"date":"2020-03-29T12:55:16","date_gmt":"2020-03-29T10:55:16","guid":{"rendered":"http:\/\/quiccx.de\/quiccx-learning\/?page_id=2"},"modified":"2024-06-11T16:19:27","modified_gmt":"2024-06-11T14:19:27","slug":"grundlagen-ertragsteuern","status":"publish","type":"page","link":"http:\/\/quiccx.de\/quiccx-learning\/","title":{"rendered":"Quizze Grundlagen Ertragsteuern"},"content":{"rendered":"\n<a name=\"kapitalwert\"><\/a>\n\n\n\n<h4 class=\"wp-block-heading\"><strong>Kapitalwert nach Steuern  berechnen<\/strong><\/h4>\n\n\n<p><iframe loading=\"lazy\" src=\"http:\/\/quiccx.de\/quiccx-learning\/wp-admin\/admin-ajax.php?action=h5p_embed&amp;id=59\" width=\"959\" height=\"565\" frameborder=\"0\" allowfullscreen=\"allowfullscreen\"><\/iframe><script src=\"http:\/\/quiccx.de\/quiccx-learning\/wp-content\/plugins\/h5p\/h5p-php-library\/js\/h5p-resizer.js\" charset=\"UTF-8\"><\/script><\/p>\n\n\n\n<a name=\"kapitalwertkapges\"><\/a>\n\n\n\n<h4 class=\"wp-block-heading\"><strong>Kapitalwert bei Kapitalgesellschaften berechnen<\/strong><\/h4>\n\n\n<p><iframe loading=\"lazy\" src=\"http:\/\/quiccx.de\/quiccx-learning\/wp-admin\/admin-ajax.php?action=h5p_embed&amp;id=60\" width=\"959\" height=\"565\" frameborder=\"0\" allowfullscreen=\"allowfullscreen\"><\/iframe><script src=\"http:\/\/quiccx.de\/quiccx-learning\/wp-content\/plugins\/h5p\/h5p-php-library\/js\/h5p-resizer.js\" charset=\"UTF-8\"><\/script><\/p>\n\n\n\n<a name=\"gddberechnen\"><\/a>\n\n\n\n<h4 class=\"wp-block-heading\"><strong>Grenz-, Durchschnitts- und Differenzsteuersatz berechnen<\/strong><\/h4>\n\n\n<p><iframe loading=\"lazy\" src=\"http:\/\/quiccx.de\/quiccx-learning\/wp-admin\/admin-ajax.php?action=h5p_embed&amp;id=61\" width=\"959\" height=\"565\" frameborder=\"0\" allowfullscreen=\"allowfullscreen\"><\/iframe><script src=\"http:\/\/quiccx.de\/quiccx-learning\/wp-content\/plugins\/h5p\/h5p-php-library\/js\/h5p-resizer.js\" charset=\"UTF-8\"><\/script><\/p>\n\n\n\n<a name=\"tariftypen\"><\/a>\n\n\n\n<h4 class=\"wp-block-heading\"><strong>Tariftypen identifizieren<\/strong><\/h4>\n\n\n<p><iframe loading=\"lazy\" src=\"http:\/\/quiccx.de\/quiccx-learning\/wp-admin\/admin-ajax.php?action=h5p_embed&amp;id=87\" width=\"959\" height=\"565\" frameborder=\"0\" allowfullscreen=\"allowfullscreen\"><\/iframe><script src=\"http:\/\/quiccx.de\/quiccx-learning\/wp-content\/plugins\/h5p\/h5p-php-library\/js\/h5p-resizer.js\" charset=\"UTF-8\"><\/script><\/p>\n\n\n\n<a name=\"nominalpersges\"><\/a>\n\n\n\n<h4 class=\"wp-block-heading\"><strong>Nominalsteuerbelastung bei Personenunternehmen berechnen<\/strong><\/h4>\n\n\n<p><iframe loading=\"lazy\" src=\"http:\/\/quiccx.de\/quiccx-learning\/wp-admin\/admin-ajax.php?action=h5p_embed&amp;id=68\" width=\"959\" height=\"565\" frameborder=\"0\" allowfullscreen=\"allowfullscreen\"><\/iframe><script src=\"http:\/\/quiccx.de\/quiccx-learning\/wp-content\/plugins\/h5p\/h5p-php-library\/js\/h5p-resizer.js\" charset=\"UTF-8\"><\/script><\/p>\n\n\n\n<a name=\"nominalkapges\"><\/a>\n\n\n\n<h4 class=\"wp-block-heading\"><strong>Nominalsteuerbelastung bei Kapitalgesellschaften berechnen<\/strong><\/h4>\n\n\n<p><iframe loading=\"lazy\" src=\"http:\/\/quiccx.de\/quiccx-learning\/wp-admin\/admin-ajax.php?action=h5p_embed&amp;id=69\" width=\"959\" height=\"565\" frameborder=\"0\" allowfullscreen=\"allowfullscreen\"><\/iframe><script src=\"http:\/\/quiccx.de\/quiccx-learning\/wp-content\/plugins\/h5p\/h5p-php-library\/js\/h5p-resizer.js\" charset=\"UTF-8\"><\/script><\/p>\n\n\n\n<a name=\"estpflicht\"><\/a>\n\n\n\n<h4 class=\"wp-block-heading\"><strong>Einkommensteuerpflicht beurteilen<\/strong><\/h4>\n\n\n<p><iframe loading=\"lazy\" src=\"http:\/\/quiccx.de\/quiccx-learning\/wp-admin\/admin-ajax.php?action=h5p_embed&amp;id=70\" width=\"959\" height=\"565\" frameborder=\"0\" allowfullscreen=\"allowfullscreen\"><\/iframe><script src=\"http:\/\/quiccx.de\/quiccx-learning\/wp-content\/plugins\/h5p\/h5p-php-library\/js\/h5p-resizer.js\" charset=\"UTF-8\"><\/script><\/p>\n\n\n\n<a name=\"estzusammen\"><\/a>\n\n\n\n<h4 class=\"wp-block-heading\"><strong>Einkommensteuer bei Zusammenveranlagung berechnen<\/strong><\/h4>\n\n\n<p><iframe loading=\"lazy\" src=\"http:\/\/quiccx.de\/quiccx-learning\/wp-admin\/admin-ajax.php?action=h5p_embed&amp;id=72\" width=\"959\" height=\"565\" frameborder=\"0\" allowfullscreen=\"allowfullscreen\"><\/iframe><script src=\"http:\/\/quiccx.de\/quiccx-learning\/wp-content\/plugins\/h5p\/h5p-php-library\/js\/h5p-resizer.js\" charset=\"UTF-8\"><\/script><\/p>\n\n\n\n<a name=\"progressionsvorbehalt\"><\/a>\n\n\n\n<h4 class=\"wp-block-heading\"><strong>Steuer unter Progressionsvorbehalt berechnen<\/strong><\/h4>\n\n\n<p><iframe loading=\"lazy\" src=\"http:\/\/quiccx.de\/quiccx-learning\/wp-admin\/admin-ajax.php?action=h5p_embed&amp;id=73\" width=\"959\" height=\"565\" frameborder=\"0\" allowfullscreen=\"allowfullscreen\"><\/iframe><script src=\"http:\/\/quiccx.de\/quiccx-learning\/wp-content\/plugins\/h5p\/h5p-php-library\/js\/h5p-resizer.js\" charset=\"UTF-8\"><\/script><\/p>\n\n\n\n<a name=\"progressionseffekte\"><\/a>\n\n\n\n<h4 class=\"wp-block-heading\"><strong>Progressionseffekte analysieren<\/strong><\/h4>\n\n\n<p><iframe loading=\"lazy\" src=\"http:\/\/quiccx.de\/quiccx-learning\/wp-admin\/admin-ajax.php?action=h5p_embed&amp;id=74\" width=\"959\" height=\"565\" frameborder=\"0\" allowfullscreen=\"allowfullscreen\"><\/iframe><script src=\"http:\/\/quiccx.de\/quiccx-learning\/wp-content\/plugins\/h5p\/h5p-php-library\/js\/h5p-resizer.js\" charset=\"UTF-8\"><\/script><\/p>\n\n\n\n<a name=\"kalteprogression\"><\/a>\n\n\n\n<h4 class=\"wp-block-heading\"><strong>Nachteil durch kalte Progression berechnen<\/strong><\/h4>\n\n\n<p><iframe loading=\"lazy\" src=\"http:\/\/quiccx.de\/quiccx-learning\/wp-admin\/admin-ajax.php?action=h5p_embed&amp;id=75\" width=\"959\" height=\"565\" frameborder=\"0\" allowfullscreen=\"allowfullscreen\"><\/iframe><script src=\"http:\/\/quiccx.de\/quiccx-learning\/wp-content\/plugins\/h5p\/h5p-php-library\/js\/h5p-resizer.js\" charset=\"UTF-8\"><\/script><\/p>\n\n\n\n<a name=\"einkunftsartenbeurteilen\"><\/a>\n\n\n\n<h4 class=\"wp-block-heading\"><strong>Einkunftsarten beurteilen<\/strong><\/h4>\n\n\n<p><iframe loading=\"lazy\" src=\"http:\/\/quiccx.de\/quiccx-learning\/wp-admin\/admin-ajax.php?action=h5p_embed&amp;id=76\" width=\"959\" height=\"565\" frameborder=\"0\" allowfullscreen=\"allowfullscreen\"><\/iframe><script src=\"http:\/\/quiccx.de\/quiccx-learning\/wp-content\/plugins\/h5p\/h5p-php-library\/js\/h5p-resizer.js\" charset=\"UTF-8\"><\/script><\/p>\n\n\n\n<a name=\"gewinnberechnen\"><\/a>\n\n\n\n<h4 class=\"wp-block-heading\"><strong>Gewinn und \u00dcberschuss berechnen<\/strong><\/h4>\n\n\n<p><iframe loading=\"lazy\" src=\"http:\/\/quiccx.de\/quiccx-learning\/wp-admin\/admin-ajax.php?action=h5p_embed&amp;id=77\" width=\"959\" height=\"565\" frameborder=\"0\" allowfullscreen=\"allowfullscreen\"><\/iframe><script src=\"http:\/\/quiccx.de\/quiccx-learning\/wp-content\/plugins\/h5p\/h5p-php-library\/js\/h5p-resizer.js\" charset=\"UTF-8\"><\/script><\/p>\n\n\n\n<a name=\"steuerbarkeit\"><\/a>\n\n\n\n<h4 class=\"wp-block-heading\"><strong>Steuerbarkeit von Zufl\u00fcssen beurteilen<\/strong><\/h4>\n\n\n<p><iframe loading=\"lazy\" src=\"http:\/\/quiccx.de\/quiccx-learning\/wp-admin\/admin-ajax.php?action=h5p_embed&amp;id=78\" width=\"959\" height=\"565\" frameborder=\"0\" allowfullscreen=\"allowfullscreen\"><\/iframe><script src=\"http:\/\/quiccx.de\/quiccx-learning\/wp-content\/plugins\/h5p\/h5p-php-library\/js\/h5p-resizer.js\" charset=\"UTF-8\"><\/script><\/p>\n\n\n\n<a name=\"gesonderte\"><\/a>\n\n\n\n<h4 class=\"wp-block-heading\"><strong>Gesonderte und einheitliche Gewinnermittlung durchf\u00fchren<\/strong><\/h4>\n\n\n<p><iframe loading=\"lazy\" src=\"http:\/\/quiccx.de\/quiccx-learning\/wp-admin\/admin-ajax.php?action=h5p_embed&amp;id=79\" width=\"959\" height=\"565\" frameborder=\"0\" allowfullscreen=\"allowfullscreen\"><\/iframe><script src=\"http:\/\/quiccx.de\/quiccx-learning\/wp-content\/plugins\/h5p\/h5p-php-library\/js\/h5p-resizer.js\" charset=\"UTF-8\"><\/script><\/p>\n\n\n\n<a name=\"schuldzinsenabzug\"><\/a>\n\n\n\n<h4 class=\"wp-block-heading\"><strong>Schuldzinsenabzug durchf\u00fchren<\/strong><\/h4>\n\n\n<p><iframe loading=\"lazy\" src=\"http:\/\/quiccx.de\/quiccx-learning\/wp-admin\/admin-ajax.php?action=h5p_embed&amp;id=80\" width=\"959\" height=\"565\" frameborder=\"0\" allowfullscreen=\"allowfullscreen\"><\/iframe><script src=\"http:\/\/quiccx.de\/quiccx-learning\/wp-content\/plugins\/h5p\/h5p-php-library\/js\/h5p-resizer.js\" charset=\"UTF-8\"><\/script><\/p>\n\n\n\n<a name=\"beendigung\"><\/a>\n\n\n\n<h4 class=\"wp-block-heading\"><strong>Beg\u00fcnstigung bei Beendigung gewerblicher T\u00e4tigkeit berechnen <\/strong><\/h4>\n\n\n<p><iframe loading=\"lazy\" src=\"http:\/\/quiccx.de\/quiccx-learning\/wp-admin\/admin-ajax.php?action=h5p_embed&amp;id=81\" width=\"959\" height=\"565\" frameborder=\"0\" allowfullscreen=\"allowfullscreen\"><\/iframe><script src=\"http:\/\/quiccx.de\/quiccx-learning\/wp-content\/plugins\/h5p\/h5p-php-library\/js\/h5p-resizer.js\" charset=\"UTF-8\"><\/script><\/p>\n\n\n\n<a name=\"abschreibung\"><\/a>\n\n\n\n<h4 class=\"wp-block-heading\"><strong>Abschreibung berechnen<\/strong><\/h4>\n\n\n<p><iframe loading=\"lazy\" src=\"http:\/\/quiccx.de\/quiccx-learning\/wp-admin\/admin-ajax.php?action=h5p_embed&amp;id=82\" width=\"959\" height=\"565\" frameborder=\"0\" allowfullscreen=\"allowfullscreen\"><\/iframe><script src=\"http:\/\/quiccx.de\/quiccx-learning\/wp-content\/plugins\/h5p\/h5p-php-library\/js\/h5p-resizer.js\" charset=\"UTF-8\"><\/script><\/p>\n\n\n\n<a name=\"verlustverrechnungsbeschraenkung\"><\/a>\n\n\n\n<h4 class=\"wp-block-heading\"><strong>Verlustverrechnungsbeschr\u00e4nkung beurteilen<\/strong><\/h4>\n\n\n<p><iframe loading=\"lazy\" src=\"http:\/\/quiccx.de\/quiccx-learning\/wp-admin\/admin-ajax.php?action=h5p_embed&amp;id=83\" width=\"959\" height=\"565\" frameborder=\"0\" allowfullscreen=\"allowfullscreen\"><\/iframe><script src=\"http:\/\/quiccx.de\/quiccx-learning\/wp-content\/plugins\/h5p\/h5p-php-library\/js\/h5p-resizer.js\" charset=\"UTF-8\"><\/script><\/p>\n\n\n\n<a name=\"jahresueberschuss\"><\/a>\n\n\n\n<h4 class=\"wp-block-heading\"><strong>Endg\u00fcltigen Jahres\u00fcberschuss ermitteln<\/strong><\/h4>\n\n\n<p><iframe loading=\"lazy\" src=\"http:\/\/quiccx.de\/quiccx-learning\/wp-admin\/admin-ajax.php?action=h5p_embed&amp;id=84\" width=\"959\" height=\"565\" frameborder=\"0\" allowfullscreen=\"allowfullscreen\"><\/iframe><script src=\"http:\/\/quiccx.de\/quiccx-learning\/wp-content\/plugins\/h5p\/h5p-php-library\/js\/h5p-resizer.js\" charset=\"UTF-8\"><\/script><\/p>\n\n\n\n<a name=\"eingliederung\"><\/a>\n\n\n\n<h4 class=\"wp-block-heading\">Finanzielle Eingliederung beurteilen<\/h4>\n\n\n<p><iframe loading=\"lazy\" src=\"http:\/\/quiccx.de\/quiccx-learning\/wp-admin\/admin-ajax.php?action=h5p_embed&amp;id=85\" width=\"959\" height=\"565\" frameborder=\"0\" allowfullscreen=\"allowfullscreen\"><\/iframe><script src=\"http:\/\/quiccx.de\/quiccx-learning\/wp-content\/plugins\/h5p\/h5p-php-library\/js\/h5p-resizer.js\" charset=\"UTF-8\"><\/script><\/p>\n\n\n\n<a name=\"gewerbesteuer\"><\/a>\n\n\n\n<h4 class=\"wp-block-heading\"><strong>Gewerbesteuer berechnen<\/strong><\/h4>\n\n\n<p><iframe loading=\"lazy\" src=\"http:\/\/quiccx.de\/quiccx-learning\/wp-admin\/admin-ajax.php?action=h5p_embed&amp;id=86\" width=\"959\" height=\"565\" frameborder=\"0\" allowfullscreen=\"allowfullscreen\"><\/iframe><script src=\"http:\/\/quiccx.de\/quiccx-learning\/wp-content\/plugins\/h5p\/h5p-php-library\/js\/h5p-resizer.js\" charset=\"UTF-8\"><\/script><\/p>\n","protected":false},"excerpt":{"rendered":"<p>Kapitalwert nach Steuern berechnen Kapitalwert bei Kapitalgesellschaften berechnen Grenz-, Durchschnitts- und Differenzsteuersatz berechnen Tariftypen identifizieren Nominalsteuerbelastung bei Personenunternehmen berechnen Nominalsteuerbelastung bei Kapitalgesellschaften berechnen Einkommensteuerpflicht beurteilen Einkommensteuer bei Zusammenveranlagung berechnen Steuer unter Progressionsvorbehalt berechnen Progressionseffekte analysieren Nachteil durch kalte Progression berechnen Einkunftsarten beurteilen Gewinn und \u00dcberschuss berechnen Steuerbarkeit von Zufl\u00fcssen beurteilen Gesonderte und einheitliche Gewinnermittlung durchf\u00fchren [&hellip;]<\/p>\n","protected":false},"author":1,"featured_media":0,"parent":0,"menu_order":0,"comment_status":"closed","ping_status":"closed","template":"","meta":{"footnotes":""},"class_list":["post-2","page","type-page","status-publish","hentry"],"_links":{"self":[{"href":"http:\/\/quiccx.de\/quiccx-learning\/wp-json\/wp\/v2\/pages\/2","targetHints":{"allow":["GET"]}}],"collection":[{"href":"http:\/\/quiccx.de\/quiccx-learning\/wp-json\/wp\/v2\/pages"}],"about":[{"href":"http:\/\/quiccx.de\/quiccx-learning\/wp-json\/wp\/v2\/types\/page"}],"author":[{"embeddable":true,"href":"http:\/\/quiccx.de\/quiccx-learning\/wp-json\/wp\/v2\/users\/1"}],"replies":[{"embeddable":true,"href":"http:\/\/quiccx.de\/quiccx-learning\/wp-json\/wp\/v2\/comments?post=2"}],"version-history":[{"count":34,"href":"http:\/\/quiccx.de\/quiccx-learning\/wp-json\/wp\/v2\/pages\/2\/revisions"}],"predecessor-version":[{"id":137,"href":"http:\/\/quiccx.de\/quiccx-learning\/wp-json\/wp\/v2\/pages\/2\/revisions\/137"}],"wp:attachment":[{"href":"http:\/\/quiccx.de\/quiccx-learning\/wp-json\/wp\/v2\/media?parent=2"}],"curies":[{"name":"wp","href":"https:\/\/api.w.org\/{rel}","templated":true}]}}